{"id":16964,"date":"2025-02-07T21:35:42","date_gmt":"2025-02-07T20:35:42","guid":{"rendered":"https:\/\/asiyah.net\/?page_id=16964"},"modified":"2025-02-25T17:34:16","modified_gmt":"2025-02-25T16:34:16","slug":"ramadan-aktion-2023","status":"publish","type":"page","link":"https:\/\/asiyah.net\/en\/ramadan-aktion-2023\/","title":{"rendered":"Ramadan-Aktion 2023"},"content":{"rendered":"<div data-elementor-type=\"wp-page\" data-elementor-id=\"16964\" class=\"elementor elementor-16964\">\n\t\t\t\t\t\t<section class=\"elementor-section elementor-top-section elementor-element elementor-element-524e48c elementor-section-boxed elementor-section-height-default elementor-section-height-default\" data-id=\"524e48c\" data-element_type=\"section\" data-e-type=\"section\">\n\t\t\t\t\t\t<div class=\"elementor-container elementor-column-gap-default\">\n\t\t\t\t\t<div class=\"elementor-column elementor-col-100 elementor-top-column elementor-element elementor-element-b4b5774\" data-id=\"b4b5774\" data-element_type=\"column\" data-e-type=\"column\">\n\t\t\t<div class=\"elementor-widget-wrap elementor-element-populated\">\n\t\t\t\t\t\t<div class=\"elementor-element elementor-element-79e5161 elementor-widget elementor-widget-heading\" data-id=\"79e5161\" data-element_type=\"widget\" data-e-type=\"widget\" data-widget_type=\"heading.default\">\n\t\t\t\t<div class=\"elementor-widget-container\">\n\t\t\t\t\t<h2 class=\"elementor-heading-title elementor-size-default\">Ramadan Lebensmittelpakete 2023<\/h2>\t\t\t\t<\/div>\n\t\t\t\t<\/div>\n\t\t\t\t<div class=\"elementor-element elementor-element-7e6cb43 elementor-widget elementor-widget-text-editor\" data-id=\"7e6cb43\" data-element_type=\"widget\" data-e-type=\"widget\" data-widget_type=\"text-editor.default\">\n\t\t\t\t<div class=\"elementor-widget-container\">\n\t\t\t\t\t\t\t\t\t<p>Auch dieses Jahr hatten wir wieder die M\u00f6glichkeit, in <strong>Afghanistan, Bangladesch, Jemen, Marokko, Pakistan, Pal\u00e4stina<\/strong> und <strong>Togo<\/strong> Familien zu Beginn und im Verlaufe des Fastenmonats Ramadan, mit Lebensmittelpaketen f\u00fcr mindestens einen Monat, auszustatten. Die Inhalte der Pakete orientierten sich an den lokalen Bed\u00fcrfnissen, Grundnahrungsmitteln und Vorlieben. Insgesamt wurden in den sieben L\u00e4ndern <strong>1.369 Lebensmittelpakete<\/strong> in Familiengr\u00f6\u00dfe verteilt.<\/p><p>Neben den Lebensmittelpaketen wurden in Afghanistan, Pakistan und Togo zus\u00e4tzlich warme Iftar-Mahlzeiten zubereitet und unter Bed\u00fcrftige verteilt. Schon ab 1\u00a0\u20ac konnten unsere SpenderInnen Iftar-Mahlzeiten an allen Tagen des Ramadans spenden, wodurch insgesamt <strong>13.806 Portionen<\/strong> zum Iftar ausgegeben werden konnten.<\/p><p>In Bangladesch und Marokko wurden neben den Lebensmittelpaketen Fleischpakete ausgegeben. Hierf\u00fcr wurden in Bangladesch f\u00fcnf Ziegenb\u00f6cke geschlachtet und 480 Fleischpakete verteilt. In Marokko konnte insgesamt 324 Kilo H\u00e4hnchenfleisch ausgegeben werden.<\/p>\t\t\t\t\t\t\t\t<\/div>\n\t\t\t\t<\/div>\n\t\t\t\t\t<\/div>\n\t\t<\/div>\n\t\t\t\t\t<\/div>\n\t\t<\/section>\n\t\t\t\t<section class=\"elementor-section elementor-top-section elementor-element elementor-element-6e190bb elementor-section-boxed elementor-section-height-default elementor-section-height-default\" data-id=\"6e190bb\" data-element_type=\"section\" data-e-type=\"section\">\n\t\t\t\t\t\t<div class=\"elementor-container elementor-column-gap-default\">\n\t\t\t\t\t<div class=\"elementor-column elementor-col-100 elementor-top-column elementor-element elementor-element-16669a3\" data-id=\"16669a3\" data-element_type=\"column\" data-e-type=\"column\">\n\t\t\t<div class=\"elementor-widget-wrap elementor-element-populated\">\n\t\t\t\t\t\t<div class=\"elementor-element elementor-element-a8be3dc elementor-arrows-position-inside elementor-pagination-position-outside elementor-widget elementor-widget-image-carousel\" data-id=\"a8be3dc\" data-element_type=\"widget\" data-e-type=\"widget\" data-settings=\"{&quot;slides_to_show&quot;:&quot;1&quot;,&quot;effect&quot;:&quot;fade&quot;,&quot;navigation&quot;:&quot;both&quot;,&quot;infinite&quot;:&quot;yes&quot;,&quot;speed&quot;:500}\" data-widget_type=\"image-carousel.default\">\n\t\t\t\t<div class=\"elementor-widget-container\">\n\t\t\t\t\t\t\t<div class=\"elementor-image-carousel-wrapper swiper\" role=\"region\" aria-roledescription=\"carousel\" aria-label=\"Ramadan 2023\" dir=\"ltr\">\n\t\t\t<div class=\"elementor-image-carousel swiper-wrapper\" aria-live=\"polite\">\n\t\t\t\t\t\t\t\t<div class=\"swiper-slide\" role=\"group\" aria-roledescription=\"slide\" aria-label=\"1 of 4\" data-no-translation-aria-label=\"\"><figure class=\"swiper-slide-inner\"><img decoding=\"async\" class=\"swiper-slide-image\" src=\"https:\/\/asiyah.net\/wp-content\/uploads\/elementor\/thumbs\/ASIYAH_Afghanistan_2023_Ramadan_lebensmittelpakete-scaled-1-scaled-e1739315751596-r6ga9s4j2i2tidskmp4knt6d9smxnzpblc5koldcw8.jpeg\" alt=\"Viele Essenspakete auf dem Boden in vielen Reihen angeordnet. Hinten im Bild stehen viele flei\u00dfige Helfer.\" \/><figcaption class=\"elementor-image-carousel-caption\">Ramadan Afghanistan 2023<\/figcaption><\/figure><\/div><div class=\"swiper-slide\" role=\"group\" aria-roledescription=\"slide\" aria-label=\"2 of 4\" data-no-translation-aria-label=\"\"><figure class=\"swiper-slide-inner\"><img decoding=\"async\" class=\"swiper-slide-image\" src=\"https:\/\/asiyah.net\/wp-content\/uploads\/elementor\/thumbs\/ASIYAH_Gaza_2023_Ramadan-scaled-1-scaled-r6ga9u07g65e5lpubpxtsspagkdo3dws9lgjn5akjs.jpeg\" alt=\"Viele Menschen befinden sich in einer sch\u00f6n beleuchteten Halle, worin es frisches Obst und Gem\u00fcse gibt.\" \/><figcaption class=\"elementor-image-carousel-caption\">Ramadan Gaza 2023<\/figcaption><\/figure><\/div><div class=\"swiper-slide\" role=\"group\" aria-roledescription=\"slide\" aria-label=\"3 of 4\" data-no-translation-aria-label=\"\"><figure class=\"swiper-slide-inner\"><img decoding=\"async\" class=\"swiper-slide-image\" src=\"https:\/\/asiyah.net\/wp-content\/uploads\/elementor\/thumbs\/ASIYAH_Togo_2023_ramadanspeisung-scaled-1-r1dco4d1pt5pp64s0cghq1hw7jyntoy2w2i4uypmdk.jpeg\" alt=\"Mann l\u00e4chelt gl\u00fccklich bei der \u00dcbergabe von den Essenspaketen.\" \/><figcaption class=\"elementor-image-carousel-caption\">Ramadan Togo 2023<\/figcaption><\/figure><\/div><div class=\"swiper-slide\" role=\"group\" aria-roledescription=\"slide\" aria-label=\"4 of 4\" data-no-translation-aria-label=\"\"><figure class=\"swiper-slide-inner\"><img decoding=\"async\" class=\"swiper-slide-image\" src=\"https:\/\/asiyah.net\/wp-content\/uploads\/elementor\/thumbs\/ASIYAH_2023_ramadan_abgeschlossene_prjekte_bild-r1d9xql6e2haih1ehti8qv91vovm66dhd4ckkcl1mw.jpg\" alt=\"Ein Mann bereitet viele Mahlzeiten vor. Er legt noch Datteln auf den mit Essen bedeckten Tisch unter freiem Himmel ab. Es findet bald eine Fastenbrechen statt.\" \/><figcaption class=\"elementor-image-carousel-caption\">Ramadan Pakistan 2023<\/figcaption><\/figure><\/div>\t\t\t<\/div>\n\t\t\t\t\t\t\t\t\t\t\t\t<div class=\"elementor-swiper-button elementor-swiper-button-prev\" role=\"button\" tabindex=\"0\">\n\t\t\t\t\t\t<i aria-hidden=\"true\" class=\"eicon-chevron-left\"><\/i>\t\t\t\t\t<\/div>\n\t\t\t\t\t<div class=\"elementor-swiper-button elementor-swiper-button-next\" role=\"button\" tabindex=\"0\">\n\t\t\t\t\t\t<i aria-hidden=\"true\" class=\"eicon-chevron-right\"><\/i>\t\t\t\t\t<\/div>\n\t\t\t\t\n\t\t\t\t\t\t\t\t\t<div class=\"swiper-pagination\"><\/div>\n\t\t\t\t\t\t\t\t\t<\/div>\n\t\t\t\t\t\t<\/div>\n\t\t\t\t<\/div>\n\t\t\t\t\t<\/div>\n\t\t<\/div>\n\t\t\t\t\t<\/div>\n\t\t<\/section>\n\t\t\t\t<\/div>","protected":false},"excerpt":{"rendered":"<p>Ramadan Lebensmittelpakete 2023 Auch dieses Jahr hatten wir wieder die M\u00f6glichkeit, in Afghanistan, Bangladesch, Jemen, Marokko, Pakistan, Pal\u00e4stina und Togo Familien zu Beginn und im Verlaufe des Fastenmonats Ramadan, mit Lebensmittelpaketen f\u00fcr mindestens einen Monat, auszustatten. Die Inhalte der Pakete orientierten sich an den lokalen Bed\u00fcrfnissen, Grundnahrungsmitteln und Vorlieben. Insgesamt wurden in den sieben L\u00e4ndern [&hellip;]<\/p>\n","protected":false},"author":3,"featured_media":0,"parent":0,"menu_order":0,"comment_status":"closed","ping_status":"closed","template":"","meta":{"give_campaign_id":0,"footnotes":""},"class_list":["post-16964","page","type-page","status-publish","hentry"],"yoast_head":"<!-- This site is optimized with the Yoast SEO plugin v27.4 - https:\/\/yoast.com\/product\/yoast-seo-wordpress\/ -->\n<title>Ramadan-Aktion 2023 - ASIYAH<\/title>\n<meta name=\"robots\" content=\"index, follow, max-snippet:-1, max-image-preview:large, max-video-preview:-1\" \/>\n<link rel=\"canonical\" href=\"https:\/\/asiyah.net\/en\/ramadan-aktion-2023\/\" \/>\n<meta property=\"og:locale\" content=\"en_US\" \/>\n<meta property=\"og:type\" content=\"article\" \/>\n<meta property=\"og:title\" content=\"Ramadan-Aktion 2023 - ASIYAH\" \/>\n<meta property=\"og:description\" content=\"Ramadan Lebensmittelpakete 2023 Auch dieses Jahr hatten wir wieder die M\u00f6glichkeit, in Afghanistan, Bangladesch, Jemen, Marokko, Pakistan, Pal\u00e4stina und Togo Familien zu Beginn und im Verlaufe des Fastenmonats Ramadan, mit Lebensmittelpaketen f\u00fcr mindestens einen Monat, auszustatten. Die Inhalte der Pakete orientierten sich an den lokalen Bed\u00fcrfnissen, Grundnahrungsmitteln und Vorlieben. Insgesamt wurden in den sieben L\u00e4ndern [&hellip;]\" \/>\n<meta property=\"og:url\" content=\"https:\/\/asiyah.net\/en\/ramadan-aktion-2023\/\" \/>\n<meta property=\"og:site_name\" content=\"ASIYAH\" \/>\n<meta property=\"article:publisher\" content=\"https:\/\/www.facebook.com\/asiyahinternational\" \/>\n<meta property=\"article:modified_time\" content=\"2025-02-25T16:34:16+00:00\" \/>\n<meta property=\"og:image\" content=\"https:\/\/asiyah.net\/wp-content\/uploads\/elementor\/thumbs\/ASIYAH_Afghanistan_2023_Ramadan_lebensmittelpakete-scaled-1-scaled-e1739315751596-r1dct04v7tuc091ghyfq6b53alwat3bvw8hxlph020.jpeg\" \/>\n<meta name=\"twitter:card\" content=\"summary_large_image\" \/>\n<meta name=\"twitter:label1\" content=\"Est. reading time\" \/>\n\t<meta name=\"twitter:data1\" content=\"3 minutes\" \/>\n<script type=\"application\/ld+json\" class=\"yoast-schema-graph\">{\"@context\":\"https:\\\/\\\/schema.org\",\"@graph\":[{\"@type\":\"WebPage\",\"@id\":\"https:\\\/\\\/asiyah.net\\\/ramadan-aktion-2023\\\/\",\"url\":\"https:\\\/\\\/asiyah.net\\\/ramadan-aktion-2023\\\/\",\"name\":\"Ramadan-Aktion 2023 - ASIYAH\",\"isPartOf\":{\"@id\":\"https:\\\/\\\/asiyah.net\\\/#website\"},\"primaryImageOfPage\":{\"@id\":\"https:\\\/\\\/asiyah.net\\\/ramadan-aktion-2023\\\/#primaryimage\"},\"image\":{\"@id\":\"https:\\\/\\\/asiyah.net\\\/ramadan-aktion-2023\\\/#primaryimage\"},\"thumbnailUrl\":\"https:\\\/\\\/asiyah.net\\\/wp-content\\\/uploads\\\/elementor\\\/thumbs\\\/ASIYAH_Afghanistan_2023_Ramadan_lebensmittelpakete-scaled-1-scaled-e1739315751596-r1dct04v7tuc091ghyfq6b53alwat3bvw8hxlph020.jpeg\",\"datePublished\":\"2025-02-07T20:35:42+00:00\",\"dateModified\":\"2025-02-25T16:34:16+00:00\",\"breadcrumb\":{\"@id\":\"https:\\\/\\\/asiyah.net\\\/ramadan-aktion-2023\\\/#breadcrumb\"},\"inLanguage\":\"en-US\",\"potentialAction\":[{\"@type\":\"ReadAction\",\"target\":[\"https:\\\/\\\/asiyah.net\\\/ramadan-aktion-2023\\\/\"]}]},{\"@type\":\"ImageObject\",\"inLanguage\":\"en-US\",\"@id\":\"https:\\\/\\\/asiyah.net\\\/ramadan-aktion-2023\\\/#primaryimage\",\"url\":\"https:\\\/\\\/asiyah.net\\\/wp-content\\\/uploads\\\/elementor\\\/thumbs\\\/ASIYAH_Afghanistan_2023_Ramadan_lebensmittelpakete-scaled-1-scaled-e1739315751596-r1dct04v7tuc091ghyfq6b53alwat3bvw8hxlph020.jpeg\",\"contentUrl\":\"https:\\\/\\\/asiyah.net\\\/wp-content\\\/uploads\\\/elementor\\\/thumbs\\\/ASIYAH_Afghanistan_2023_Ramadan_lebensmittelpakete-scaled-1-scaled-e1739315751596-r1dct04v7tuc091ghyfq6b53alwat3bvw8hxlph020.jpeg\"},{\"@type\":\"BreadcrumbList\",\"@id\":\"https:\\\/\\\/asiyah.net\\\/ramadan-aktion-2023\\\/#breadcrumb\",\"itemListElement\":[{\"@type\":\"ListItem\",\"position\":1,\"name\":\"Startseite\",\"item\":\"https:\\\/\\\/asiyah.net\\\/\"},{\"@type\":\"ListItem\",\"position\":2,\"name\":\"Ramadan-Aktion 2023\"}]},{\"@type\":\"WebSite\",\"@id\":\"https:\\\/\\\/asiyah.net\\\/#website\",\"url\":\"https:\\\/\\\/asiyah.net\\\/\",\"name\":\"ASIYAH\",\"description\":\"ASIYAH e.V.\",\"publisher\":{\"@id\":\"https:\\\/\\\/asiyah.net\\\/#organization\"},\"potentialAction\":[{\"@type\":\"SearchAction\",\"target\":{\"@type\":\"EntryPoint\",\"urlTemplate\":\"https:\\\/\\\/asiyah.net\\\/?s={search_term_string}\"},\"query-input\":{\"@type\":\"PropertyValueSpecification\",\"valueRequired\":true,\"valueName\":\"search_term_string\"}}],\"inLanguage\":\"en-US\"},{\"@type\":\"Organization\",\"@id\":\"https:\\\/\\\/asiyah.net\\\/#organization\",\"name\":\"ASIYAH \u2013 Gemeinsam Aktiv e.V.\",\"alternateName\":\"ASIYAH international\",\"url\":\"https:\\\/\\\/asiyah.net\\\/\",\"logo\":{\"@type\":\"ImageObject\",\"inLanguage\":\"en-US\",\"@id\":\"https:\\\/\\\/asiyah.net\\\/#\\\/schema\\\/logo\\\/image\\\/\",\"url\":\"https:\\\/\\\/asiyah.net\\\/wp-content\\\/uploads\\\/2020\\\/09\\\/ASIYAH_Logo_Final-01.png\",\"contentUrl\":\"https:\\\/\\\/asiyah.net\\\/wp-content\\\/uploads\\\/2020\\\/09\\\/ASIYAH_Logo_Final-01.png\",\"width\":3579,\"height\":2551,\"caption\":\"ASIYAH \u2013 Gemeinsam Aktiv e.V.\"},\"image\":{\"@id\":\"https:\\\/\\\/asiyah.net\\\/#\\\/schema\\\/logo\\\/image\\\/\"},\"sameAs\":[\"https:\\\/\\\/www.facebook.com\\\/asiyahinternational\",\"https:\\\/\\\/www.instagram.com\\\/asiyah.international\\\/\",\"https:\\\/\\\/www.linkedin.com\\\/company\\\/asiyah-internationale-humanitre-hilfsorganisation\\\/\",\"https:\\\/\\\/www.youtube.com\\\/channel\\\/UC1q2oFRuz5JOKtWnMgMKZgA\"]}]}<\/script>\n<!-- \/ Yoast SEO plugin. -->","yoast_head_json":{"title":"Ramadan-Aktion 2023 - ASIYAH","robots":{"index":"index","follow":"follow","max-snippet":"max-snippet:-1","max-image-preview":"max-image-preview:large","max-video-preview":"max-video-preview:-1"},"canonical":"https:\/\/asiyah.net\/en\/ramadan-aktion-2023\/","og_locale":"en_US","og_type":"article","og_title":"Ramadan-Aktion 2023 - ASIYAH","og_description":"Ramadan Lebensmittelpakete 2023 Auch dieses Jahr hatten wir wieder die M\u00f6glichkeit, in Afghanistan, Bangladesch, Jemen, Marokko, Pakistan, Pal\u00e4stina und Togo Familien zu Beginn und im Verlaufe des Fastenmonats Ramadan, mit Lebensmittelpaketen f\u00fcr mindestens einen Monat, auszustatten. Die Inhalte der Pakete orientierten sich an den lokalen Bed\u00fcrfnissen, Grundnahrungsmitteln und Vorlieben. Insgesamt wurden in den sieben L\u00e4ndern [&hellip;]","og_url":"https:\/\/asiyah.net\/en\/ramadan-aktion-2023\/","og_site_name":"ASIYAH","article_publisher":"https:\/\/www.facebook.com\/asiyahinternational","article_modified_time":"2025-02-25T16:34:16+00:00","og_image":[{"url":"https:\/\/asiyah.net\/wp-content\/uploads\/elementor\/thumbs\/ASIYAH_Afghanistan_2023_Ramadan_lebensmittelpakete-scaled-1-scaled-e1739315751596-r1dct04v7tuc091ghyfq6b53alwat3bvw8hxlph020.jpeg","type":"","width":"","height":""}],"twitter_card":"summary_large_image","twitter_misc":{"Est. reading time":"3 minutes"},"schema":{"@context":"https:\/\/schema.org","@graph":[{"@type":"WebPage","@id":"https:\/\/asiyah.net\/ramadan-aktion-2023\/","url":"https:\/\/asiyah.net\/ramadan-aktion-2023\/","name":"Ramadan-Aktion 2023 - ASIYAH","isPartOf":{"@id":"https:\/\/asiyah.net\/#website"},"primaryImageOfPage":{"@id":"https:\/\/asiyah.net\/ramadan-aktion-2023\/#primaryimage"},"image":{"@id":"https:\/\/asiyah.net\/ramadan-aktion-2023\/#primaryimage"},"thumbnailUrl":"https:\/\/asiyah.net\/wp-content\/uploads\/elementor\/thumbs\/ASIYAH_Afghanistan_2023_Ramadan_lebensmittelpakete-scaled-1-scaled-e1739315751596-r1dct04v7tuc091ghyfq6b53alwat3bvw8hxlph020.jpeg","datePublished":"2025-02-07T20:35:42+00:00","dateModified":"2025-02-25T16:34:16+00:00","breadcrumb":{"@id":"https:\/\/asiyah.net\/ramadan-aktion-2023\/#breadcrumb"},"inLanguage":"en-US","potentialAction":[{"@type":"ReadAction","target":["https:\/\/asiyah.net\/ramadan-aktion-2023\/"]}]},{"@type":"ImageObject","inLanguage":"en-US","@id":"https:\/\/asiyah.net\/ramadan-aktion-2023\/#primaryimage","url":"https:\/\/asiyah.net\/wp-content\/uploads\/elementor\/thumbs\/ASIYAH_Afghanistan_2023_Ramadan_lebensmittelpakete-scaled-1-scaled-e1739315751596-r1dct04v7tuc091ghyfq6b53alwat3bvw8hxlph020.jpeg","contentUrl":"https:\/\/asiyah.net\/wp-content\/uploads\/elementor\/thumbs\/ASIYAH_Afghanistan_2023_Ramadan_lebensmittelpakete-scaled-1-scaled-e1739315751596-r1dct04v7tuc091ghyfq6b53alwat3bvw8hxlph020.jpeg"},{"@type":"BreadcrumbList","@id":"https:\/\/asiyah.net\/ramadan-aktion-2023\/#breadcrumb","itemListElement":[{"@type":"ListItem","position":1,"name":"Startseite","item":"https:\/\/asiyah.net\/"},{"@type":"ListItem","position":2,"name":"Ramadan-Aktion 2023"}]},{"@type":"WebSite","@id":"https:\/\/asiyah.net\/#website","url":"https:\/\/asiyah.net\/","name":"ASIYAH","description":"ASIYAH e.V.","publisher":{"@id":"https:\/\/asiyah.net\/#organization"},"potentialAction":[{"@type":"SearchAction","target":{"@type":"EntryPoint","urlTemplate":"https:\/\/asiyah.net\/?s={search_term_string}"},"query-input":{"@type":"PropertyValueSpecification","valueRequired":true,"valueName":"search_term_string"}}],"inLanguage":"en-US"},{"@type":"Organization","@id":"https:\/\/asiyah.net\/#organization","name":"ASIYAH \u2013 Gemeinsam Aktiv e.V.","alternateName":"ASIYAH international","url":"https:\/\/asiyah.net\/","logo":{"@type":"ImageObject","inLanguage":"en-US","@id":"https:\/\/asiyah.net\/#\/schema\/logo\/image\/","url":"https:\/\/asiyah.net\/wp-content\/uploads\/2020\/09\/ASIYAH_Logo_Final-01.png","contentUrl":"https:\/\/asiyah.net\/wp-content\/uploads\/2020\/09\/ASIYAH_Logo_Final-01.png","width":3579,"height":2551,"caption":"ASIYAH \u2013 Gemeinsam Aktiv e.V."},"image":{"@id":"https:\/\/asiyah.net\/#\/schema\/logo\/image\/"},"sameAs":["https:\/\/www.facebook.com\/asiyahinternational","https:\/\/www.instagram.com\/asiyah.international\/","https:\/\/www.linkedin.com\/company\/asiyah-internationale-humanitre-hilfsorganisation\/","https:\/\/www.youtube.com\/channel\/UC1q2oFRuz5JOKtWnMgMKZgA"]}]}},"campaignId":"","_links":{"self":[{"href":"https:\/\/asiyah.net\/en\/wp-json\/wp\/v2\/pages\/16964","targetHints":{"allow":["GET"]}}],"collection":[{"href":"https:\/\/asiyah.net\/en\/wp-json\/wp\/v2\/pages"}],"about":[{"href":"https:\/\/asiyah.net\/en\/wp-json\/wp\/v2\/types\/page"}],"author":[{"embeddable":true,"href":"https:\/\/asiyah.net\/en\/wp-json\/wp\/v2\/users\/3"}],"replies":[{"embeddable":true,"href":"https:\/\/asiyah.net\/en\/wp-json\/wp\/v2\/comments?post=16964"}],"version-history":[{"count":0,"href":"https:\/\/asiyah.net\/en\/wp-json\/wp\/v2\/pages\/16964\/revisions"}],"wp:attachment":[{"href":"https:\/\/asiyah.net\/en\/wp-json\/wp\/v2\/media?parent=16964"}],"curies":[{"name":"wp","href":"https:\/\/api.w.org\/{rel}","templated":true}]}}